{"id":154,"date":"2020-11-23T16:11:26","date_gmt":"2020-11-23T15:11:26","guid":{"rendered":"https:\/\/mielsdelagalaure.com\/?post_type=product&#038;p=154"},"modified":"2020-12-02T15:43:21","modified_gmt":"2020-12-02T14:43:21","slug":"pain-depices-au-miel","status":"publish","type":"product","link":"https:\/\/mielsdelagalaure.com\/index.php\/produit\/pain-depices-au-miel\/","title":{"rendered":"Pain d&rsquo;\u00e9pices au Miel &#8211; Parfum\u00e9"},"content":{"rendered":"<p><span style=\"font-weight: 400;\">Ingr\u00e9dients : miel, <\/span><b>farine de bl\u00e9 et seigle<\/b><span style=\"font-weight: 400;\">, sel, bicarbonate de soude, <\/span><b>lait, beurre<\/b><span style=\"font-weight: 400;\">, cassonade, \u00e9corces oranges confites ou noix ou figues ou p\u00e9pites chocolats, cannelle, grains d&rsquo;anis, cumin, gingembre, fleur d&rsquo;oranger.<\/span><\/p>\n<p><span style=\"font-weight: 400;\">Dur\u00e9e de conservation : 1 mois apr\u00e8s la date de fabrication<\/span><\/p>\n<p><span style=\"font-weight: 400;\">Conseil fra\u00eecheur : Gardez-le dans un sac plastique apr\u00e8s ouverture pour conserver le moelleux du pain d&rsquo;\u00e9pices.<\/span><\/p>\n<p>&nbsp;<\/p>\n<p>&nbsp;<\/p>\n<p>&nbsp;<\/p>\n<p>&nbsp;<\/p>\n","protected":false},"excerpt":{"rendered":"<p><span style=\"font-weight: 400;\">Pains d&rsquo;\u00e9pices artisanales \u00ab\u00a0fait maison\u00a0\u00bb avec plus de 50 % de miel aux diff\u00e9rentes saveurs : \u00e9corces oranges confites, noix, figues, p\u00e9pites chocolats<\/span><span style=\"font-weight: 400;\">.<\/span><\/p>\n","protected":false},"featured_media":186,"template":"","meta":[],"class_list":["post-154","product","type-product","status-publish","has-post-thumbnail","hentry","product_cat-gourmandises"],"yoast_head":"<!-- This site is optimized with the Yoast SEO plugin v23.2 - https:\/\/yoast.com\/wordpress\/plugins\/seo\/ -->\n<title>Pain d&#039;\u00e9pices au Miel - Parfum\u00e9 - Miels de la Galaure<\/title>\n<meta name=\"robots\" content=\"index, follow, max-snippet:-1, max-image-preview:large, max-video-preview:-1\" \/>\n<link rel=\"canonical\" href=\"https:\/\/mielsdelagalaure.com\/index.php\/produit\/pain-depices-au-miel\/\" \/>\n<meta property=\"og:locale\" content=\"fr_FR\" \/>\n<meta property=\"og:type\" content=\"article\" \/>\n<meta property=\"og:title\" content=\"Pain d&#039;\u00e9pices au Miel - Parfum\u00e9 - Miels de la Galaure\" \/>\n<meta property=\"og:description\" content=\"Pains d&#039;\u00e9pices artisanales &quot;fait maison&quot; avec plus de 50 % de miel aux diff\u00e9rentes saveurs : \u00e9corces oranges confites, noix, figues, p\u00e9pites chocolats.\" \/>\n<meta property=\"og:url\" content=\"https:\/\/mielsdelagalaure.com\/index.php\/produit\/pain-depices-au-miel\/\" \/>\n<meta property=\"og:site_name\" content=\"Miels de la Galaure\" \/>\n<meta property=\"article:publisher\" content=\"https:\/\/m.facebook.com\/MariePascaleBertholet\/?tsid=0.8725199219164916&amp;amp%3bamp%3bamp%3bamp%3bamp%3bamp%3bamp%3bamp%3bamp%3bsource=result\" \/>\n<meta property=\"article:modified_time\" content=\"2020-12-02T14:43:21+00:00\" \/>\n<meta property=\"og:image\" content=\"https:\/\/mielsdelagalaure.com\/wp-content\/uploads\/2020\/11\/pain_depices_parfume2.png\" \/>\n\t<meta property=\"og:image:width\" content=\"1000\" \/>\n\t<meta property=\"og:image:height\" content=\"1000\" \/>\n\t<meta property=\"og:image:type\" content=\"image\/png\" \/>\n<meta name=\"twitter:card\" content=\"summary_large_image\" \/>\n<script type=\"application\/ld+json\" class=\"yoast-schema-graph\">{\"@context\":\"https:\/\/schema.org\",\"@graph\":[{\"@type\":\"WebPage\",\"@id\":\"https:\/\/mielsdelagalaure.com\/index.php\/produit\/pain-depices-au-miel\/\",\"url\":\"https:\/\/mielsdelagalaure.com\/index.php\/produit\/pain-depices-au-miel\/\",\"name\":\"Pain d'\u00e9pices au Miel - Parfum\u00e9 - Miels de la Galaure\",\"isPartOf\":{\"@id\":\"https:\/\/mielsdelagalaure.com\/#website\"},\"primaryImageOfPage\":{\"@id\":\"https:\/\/mielsdelagalaure.com\/index.php\/produit\/pain-depices-au-miel\/#primaryimage\"},\"image\":{\"@id\":\"https:\/\/mielsdelagalaure.com\/index.php\/produit\/pain-depices-au-miel\/#primaryimage\"},\"thumbnailUrl\":\"https:\/\/mielsdelagalaure.com\/wp-content\/uploads\/2020\/11\/pain_depices_parfume2.png\",\"datePublished\":\"2020-11-23T15:11:26+00:00\",\"dateModified\":\"2020-12-02T14:43:21+00:00\",\"breadcrumb\":{\"@id\":\"https:\/\/mielsdelagalaure.com\/index.php\/produit\/pain-depices-au-miel\/#breadcrumb\"},\"inLanguage\":\"fr-FR\",\"potentialAction\":[{\"@type\":\"ReadAction\",\"target\":[\"https:\/\/mielsdelagalaure.com\/index.php\/produit\/pain-depices-au-miel\/\"]}]},{\"@type\":\"ImageObject\",\"inLanguage\":\"fr-FR\",\"@id\":\"https:\/\/mielsdelagalaure.com\/index.php\/produit\/pain-depices-au-miel\/#primaryimage\",\"url\":\"https:\/\/mielsdelagalaure.com\/wp-content\/uploads\/2020\/11\/pain_depices_parfume2.png\",\"contentUrl\":\"https:\/\/mielsdelagalaure.com\/wp-content\/uploads\/2020\/11\/pain_depices_parfume2.png\",\"width\":1000,\"height\":1000},{\"@type\":\"BreadcrumbList\",\"@id\":\"https:\/\/mielsdelagalaure.com\/index.php\/produit\/pain-depices-au-miel\/#breadcrumb\",\"itemListElement\":[{\"@type\":\"ListItem\",\"position\":1,\"name\":\"Accueil\",\"item\":\"https:\/\/mielsdelagalaure.com\/\"},{\"@type\":\"ListItem\",\"position\":2,\"name\":\"D\u00e9couvrez tous nos produits\",\"item\":\"https:\/\/mielsdelagalaure.com\/index.php\/miel\/\"},{\"@type\":\"ListItem\",\"position\":3,\"name\":\"Pain d&rsquo;\u00e9pices au Miel &#8211; Parfum\u00e9\"}]},{\"@type\":\"WebSite\",\"@id\":\"https:\/\/mielsdelagalaure.com\/#website\",\"url\":\"https:\/\/mielsdelagalaure.com\/\",\"name\":\"MielsdelaGalaure\",\"description\":\"Tous les tr\u00e9sors de la Ruche\",\"publisher\":{\"@id\":\"https:\/\/mielsdelagalaure.com\/#organization\"},\"potentialAction\":[{\"@type\":\"SearchAction\",\"target\":{\"@type\":\"EntryPoint\",\"urlTemplate\":\"https:\/\/mielsdelagalaure.com\/?s={search_term_string}\"},\"query-input\":\"required name=search_term_string\"}],\"inLanguage\":\"fr-FR\"},{\"@type\":\"Organization\",\"@id\":\"https:\/\/mielsdelagalaure.com\/#organization\",\"name\":\"Miels de la Galaure\",\"url\":\"https:\/\/mielsdelagalaure.com\/\",\"logo\":{\"@type\":\"ImageObject\",\"inLanguage\":\"fr-FR\",\"@id\":\"https:\/\/mielsdelagalaure.com\/#\/schema\/logo\/image\/\",\"url\":\"\",\"contentUrl\":\"\",\"caption\":\"Miels de la Galaure\"},\"image\":{\"@id\":\"https:\/\/mielsdelagalaure.com\/#\/schema\/logo\/image\/\"},\"sameAs\":[\"https:\/\/m.facebook.com\/MariePascaleBertholet\/?tsid=0.8725199219164916&amp;amp;amp;amp;amp;amp;amp;amp;amp;source=result\"]}]}<\/script>\n<!-- \/ Yoast SEO plugin. -->","yoast_head_json":{"title":"Pain d'\u00e9pices au Miel - Parfum\u00e9 - Miels de la Galaure","robots":{"index":"index","follow":"follow","max-snippet":"max-snippet:-1","max-image-preview":"max-image-preview:large","max-video-preview":"max-video-preview:-1"},"canonical":"https:\/\/mielsdelagalaure.com\/index.php\/produit\/pain-depices-au-miel\/","og_locale":"fr_FR","og_type":"article","og_title":"Pain d'\u00e9pices au Miel - Parfum\u00e9 - Miels de la Galaure","og_description":"Pains d'\u00e9pices artisanales \"fait maison\" avec plus de 50 % de miel aux diff\u00e9rentes saveurs : \u00e9corces oranges confites, noix, figues, p\u00e9pites chocolats.","og_url":"https:\/\/mielsdelagalaure.com\/index.php\/produit\/pain-depices-au-miel\/","og_site_name":"Miels de la Galaure","article_publisher":"https:\/\/m.facebook.com\/MariePascaleBertholet\/?tsid=0.8725199219164916&amp%3bamp%3bamp%3bamp%3bamp%3bamp%3bamp%3bamp%3bamp%3bsource=result","article_modified_time":"2020-12-02T14:43:21+00:00","og_image":[{"width":1000,"height":1000,"url":"https:\/\/mielsdelagalaure.com\/wp-content\/uploads\/2020\/11\/pain_depices_parfume2.png","type":"image\/png"}],"twitter_card":"summary_large_image","schema":{"@context":"https:\/\/schema.org","@graph":[{"@type":"WebPage","@id":"https:\/\/mielsdelagalaure.com\/index.php\/produit\/pain-depices-au-miel\/","url":"https:\/\/mielsdelagalaure.com\/index.php\/produit\/pain-depices-au-miel\/","name":"Pain d'\u00e9pices au Miel - Parfum\u00e9 - Miels de la Galaure","isPartOf":{"@id":"https:\/\/mielsdelagalaure.com\/#website"},"primaryImageOfPage":{"@id":"https:\/\/mielsdelagalaure.com\/index.php\/produit\/pain-depices-au-miel\/#primaryimage"},"image":{"@id":"https:\/\/mielsdelagalaure.com\/index.php\/produit\/pain-depices-au-miel\/#primaryimage"},"thumbnailUrl":"https:\/\/mielsdelagalaure.com\/wp-content\/uploads\/2020\/11\/pain_depices_parfume2.png","datePublished":"2020-11-23T15:11:26+00:00","dateModified":"2020-12-02T14:43:21+00:00","breadcrumb":{"@id":"https:\/\/mielsdelagalaure.com\/index.php\/produit\/pain-depices-au-miel\/#breadcrumb"},"inLanguage":"fr-FR","potentialAction":[{"@type":"ReadAction","target":["https:\/\/mielsdelagalaure.com\/index.php\/produit\/pain-depices-au-miel\/"]}]},{"@type":"ImageObject","inLanguage":"fr-FR","@id":"https:\/\/mielsdelagalaure.com\/index.php\/produit\/pain-depices-au-miel\/#primaryimage","url":"https:\/\/mielsdelagalaure.com\/wp-content\/uploads\/2020\/11\/pain_depices_parfume2.png","contentUrl":"https:\/\/mielsdelagalaure.com\/wp-content\/uploads\/2020\/11\/pain_depices_parfume2.png","width":1000,"height":1000},{"@type":"BreadcrumbList","@id":"https:\/\/mielsdelagalaure.com\/index.php\/produit\/pain-depices-au-miel\/#breadcrumb","itemListElement":[{"@type":"ListItem","position":1,"name":"Accueil","item":"https:\/\/mielsdelagalaure.com\/"},{"@type":"ListItem","position":2,"name":"D\u00e9couvrez tous nos produits","item":"https:\/\/mielsdelagalaure.com\/index.php\/miel\/"},{"@type":"ListItem","position":3,"name":"Pain d&rsquo;\u00e9pices au Miel &#8211; Parfum\u00e9"}]},{"@type":"WebSite","@id":"https:\/\/mielsdelagalaure.com\/#website","url":"https:\/\/mielsdelagalaure.com\/","name":"MielsdelaGalaure","description":"Tous les tr\u00e9sors de la Ruche","publisher":{"@id":"https:\/\/mielsdelagalaure.com\/#organization"},"potentialAction":[{"@type":"SearchAction","target":{"@type":"EntryPoint","urlTemplate":"https:\/\/mielsdelagalaure.com\/?s={search_term_string}"},"query-input":"required name=search_term_string"}],"inLanguage":"fr-FR"},{"@type":"Organization","@id":"https:\/\/mielsdelagalaure.com\/#organization","name":"Miels de la Galaure","url":"https:\/\/mielsdelagalaure.com\/","logo":{"@type":"ImageObject","inLanguage":"fr-FR","@id":"https:\/\/mielsdelagalaure.com\/#\/schema\/logo\/image\/","url":"","contentUrl":"","caption":"Miels de la Galaure"},"image":{"@id":"https:\/\/mielsdelagalaure.com\/#\/schema\/logo\/image\/"},"sameAs":["https:\/\/m.facebook.com\/MariePascaleBertholet\/?tsid=0.8725199219164916&amp;amp;amp;amp;amp;amp;amp;amp;amp;source=result"]}]}},"jetpack_sharing_enabled":true,"_links":{"self":[{"href":"https:\/\/mielsdelagalaure.com\/index.php\/wp-json\/wp\/v2\/product\/154","targetHints":{"allow":["GET"]}}],"collection":[{"href":"https:\/\/mielsdelagalaure.com\/index.php\/wp-json\/wp\/v2\/product"}],"about":[{"href":"https:\/\/mielsdelagalaure.com\/index.php\/wp-json\/wp\/v2\/types\/product"}],"wp:featuredmedia":[{"embeddable":true,"href":"https:\/\/mielsdelagalaure.com\/index.php\/wp-json\/wp\/v2\/media\/186"}],"wp:attachment":[{"href":"https:\/\/mielsdelagalaure.com\/index.php\/wp-json\/wp\/v2\/media?parent=154"}],"curies":[{"name":"wp","href":"https:\/\/api.w.org\/{rel}","templated":true}]}}