{"id":139,"date":"2020-11-23T15:42:13","date_gmt":"2020-11-23T14:42:13","guid":{"rendered":"https:\/\/mielsdelagalaure.com\/?post_type=product&#038;p=139"},"modified":"2024-04-15T08:56:36","modified_gmt":"2024-04-15T06:56:36","slug":"miel-de-chataignier","status":"publish","type":"product","link":"https:\/\/mielsdelagalaure.com\/index.php\/produit\/miel-de-chataignier\/","title":{"rendered":"Miel de chataignier"},"content":{"rendered":"<p>Texture : Liquide<\/p>\n<p>Intensit\u00e9 : Puissante<\/p>\n<p>DDM : 2 ans<\/p>\n<p>Conditionnement : Conditionn\u00e9 en pot en verre avec capsule<\/p>\n<p>Conditionnement en vente sur le site : 250 gr, 500 gr et 1 kg<\/p>\n<p>P\u00e9riode et Lieu de production : Juillet dans les ruchers en Dr\u00f4me des Collines<\/p>\n","protected":false},"excerpt":{"rendered":"<p>Miel de caract\u00e8re aux notes bois\u00e9es, de couleur ambr\u00e9e, c&rsquo;est le plus puissant r\u00e9colt\u00e9 sur le rucher. De texture liquide, il est souvent utilis\u00e9 en cuisine pour la particularit\u00e9 de son ar\u00f4me.<\/p>\n<p>Il est reconnu b\u00e9n\u00e9fique pour la circulation du sang, la lutte contre l&rsquo;an\u00e9mie, la fatigue ; son pouvoir remin\u00e9ralisant et dynamisant.<\/p>\n","protected":false},"featured_media":137,"template":"","meta":[],"class_list":["post-139","product","type-product","status-publish","has-post-thumbnail","hentry","product_cat-miel"],"yoast_head":"<!-- This site is optimized with the Yoast SEO plugin v23.2 - https:\/\/yoast.com\/wordpress\/plugins\/seo\/ -->\n<title>Miel de chataignier - Miels de la Galaure<\/title>\n<meta name=\"robots\" content=\"index, follow, max-snippet:-1, max-image-preview:large, max-video-preview:-1\" \/>\n<link rel=\"canonical\" href=\"https:\/\/mielsdelagalaure.com\/index.php\/produit\/miel-de-chataignier\/\" \/>\n<meta property=\"og:locale\" content=\"fr_FR\" \/>\n<meta property=\"og:type\" content=\"article\" \/>\n<meta property=\"og:title\" content=\"Miel de chataignier - Miels de la Galaure\" \/>\n<meta property=\"og:description\" content=\"Miel de caract\u00e8re aux notes bois\u00e9es, de couleur ambr\u00e9e, c&#039;est le plus puissant r\u00e9colt\u00e9 sur le rucher. De texture liquide, il est souvent utilis\u00e9 en cuisine pour la particularit\u00e9 de son ar\u00f4me.  Il est reconnu b\u00e9n\u00e9fique pour la circulation du sang, la lutte contre l&#039;an\u00e9mie, la fatigue ; son pouvoir remin\u00e9ralisant et dynamisant.\" \/>\n<meta property=\"og:url\" content=\"https:\/\/mielsdelagalaure.com\/index.php\/produit\/miel-de-chataignier\/\" \/>\n<meta property=\"og:site_name\" content=\"Miels de la Galaure\" \/>\n<meta property=\"article:publisher\" content=\"https:\/\/m.facebook.com\/MariePascaleBertholet\/?tsid=0.8725199219164916&amp;amp%3bamp%3bamp%3bamp%3bamp%3bamp%3bamp%3bamp%3bamp%3bsource=result\" \/>\n<meta property=\"article:modified_time\" content=\"2024-04-15T06:56:36+00:00\" \/>\n<meta property=\"og:image\" content=\"https:\/\/mielsdelagalaure.com\/wp-content\/uploads\/2020\/11\/chataignier_500g-1.png\" \/>\n\t<meta property=\"og:image:width\" content=\"1000\" \/>\n\t<meta property=\"og:image:height\" content=\"1000\" \/>\n\t<meta property=\"og:image:type\" content=\"image\/png\" \/>\n<meta name=\"twitter:card\" content=\"summary_large_image\" \/>\n<script type=\"application\/ld+json\" class=\"yoast-schema-graph\">{\"@context\":\"https:\/\/schema.org\",\"@graph\":[{\"@type\":\"WebPage\",\"@id\":\"https:\/\/mielsdelagalaure.com\/index.php\/produit\/miel-de-chataignier\/\",\"url\":\"https:\/\/mielsdelagalaure.com\/index.php\/produit\/miel-de-chataignier\/\",\"name\":\"Miel de chataignier - Miels de la Galaure\",\"isPartOf\":{\"@id\":\"https:\/\/mielsdelagalaure.com\/#website\"},\"primaryImageOfPage\":{\"@id\":\"https:\/\/mielsdelagalaure.com\/index.php\/produit\/miel-de-chataignier\/#primaryimage\"},\"image\":{\"@id\":\"https:\/\/mielsdelagalaure.com\/index.php\/produit\/miel-de-chataignier\/#primaryimage\"},\"thumbnailUrl\":\"https:\/\/mielsdelagalaure.com\/wp-content\/uploads\/2020\/11\/chataignier_500g-1.png\",\"datePublished\":\"2020-11-23T14:42:13+00:00\",\"dateModified\":\"2024-04-15T06:56:36+00:00\",\"breadcrumb\":{\"@id\":\"https:\/\/mielsdelagalaure.com\/index.php\/produit\/miel-de-chataignier\/#breadcrumb\"},\"inLanguage\":\"fr-FR\",\"potentialAction\":[{\"@type\":\"ReadAction\",\"target\":[\"https:\/\/mielsdelagalaure.com\/index.php\/produit\/miel-de-chataignier\/\"]}]},{\"@type\":\"ImageObject\",\"inLanguage\":\"fr-FR\",\"@id\":\"https:\/\/mielsdelagalaure.com\/index.php\/produit\/miel-de-chataignier\/#primaryimage\",\"url\":\"https:\/\/mielsdelagalaure.com\/wp-content\/uploads\/2020\/11\/chataignier_500g-1.png\",\"contentUrl\":\"https:\/\/mielsdelagalaure.com\/wp-content\/uploads\/2020\/11\/chataignier_500g-1.png\",\"width\":1000,\"height\":1000},{\"@type\":\"BreadcrumbList\",\"@id\":\"https:\/\/mielsdelagalaure.com\/index.php\/produit\/miel-de-chataignier\/#breadcrumb\",\"itemListElement\":[{\"@type\":\"ListItem\",\"position\":1,\"name\":\"Accueil\",\"item\":\"https:\/\/mielsdelagalaure.com\/\"},{\"@type\":\"ListItem\",\"position\":2,\"name\":\"D\u00e9couvrez tous nos produits\",\"item\":\"https:\/\/mielsdelagalaure.com\/index.php\/miel\/\"},{\"@type\":\"ListItem\",\"position\":3,\"name\":\"Miel de chataignier\"}]},{\"@type\":\"WebSite\",\"@id\":\"https:\/\/mielsdelagalaure.com\/#website\",\"url\":\"https:\/\/mielsdelagalaure.com\/\",\"name\":\"MielsdelaGalaure\",\"description\":\"Tous les tr\u00e9sors de la Ruche\",\"publisher\":{\"@id\":\"https:\/\/mielsdelagalaure.com\/#organization\"},\"potentialAction\":[{\"@type\":\"SearchAction\",\"target\":{\"@type\":\"EntryPoint\",\"urlTemplate\":\"https:\/\/mielsdelagalaure.com\/?s={search_term_string}\"},\"query-input\":\"required name=search_term_string\"}],\"inLanguage\":\"fr-FR\"},{\"@type\":\"Organization\",\"@id\":\"https:\/\/mielsdelagalaure.com\/#organization\",\"name\":\"Miels de la Galaure\",\"url\":\"https:\/\/mielsdelagalaure.com\/\",\"logo\":{\"@type\":\"ImageObject\",\"inLanguage\":\"fr-FR\",\"@id\":\"https:\/\/mielsdelagalaure.com\/#\/schema\/logo\/image\/\",\"url\":\"\",\"contentUrl\":\"\",\"caption\":\"Miels de la Galaure\"},\"image\":{\"@id\":\"https:\/\/mielsdelagalaure.com\/#\/schema\/logo\/image\/\"},\"sameAs\":[\"https:\/\/m.facebook.com\/MariePascaleBertholet\/?tsid=0.8725199219164916&amp;amp;amp;amp;amp;amp;amp;amp;amp;source=result\"]}]}<\/script>\n<!-- \/ Yoast SEO plugin. -->","yoast_head_json":{"title":"Miel de chataignier - Miels de la Galaure","robots":{"index":"index","follow":"follow","max-snippet":"max-snippet:-1","max-image-preview":"max-image-preview:large","max-video-preview":"max-video-preview:-1"},"canonical":"https:\/\/mielsdelagalaure.com\/index.php\/produit\/miel-de-chataignier\/","og_locale":"fr_FR","og_type":"article","og_title":"Miel de chataignier - Miels de la Galaure","og_description":"Miel de caract\u00e8re aux notes bois\u00e9es, de couleur ambr\u00e9e, c'est le plus puissant r\u00e9colt\u00e9 sur le rucher. De texture liquide, il est souvent utilis\u00e9 en cuisine pour la particularit\u00e9 de son ar\u00f4me.  Il est reconnu b\u00e9n\u00e9fique pour la circulation du sang, la lutte contre l'an\u00e9mie, la fatigue ; son pouvoir remin\u00e9ralisant et dynamisant.","og_url":"https:\/\/mielsdelagalaure.com\/index.php\/produit\/miel-de-chataignier\/","og_site_name":"Miels de la Galaure","article_publisher":"https:\/\/m.facebook.com\/MariePascaleBertholet\/?tsid=0.8725199219164916&amp%3bamp%3bamp%3bamp%3bamp%3bamp%3bamp%3bamp%3bamp%3bsource=result","article_modified_time":"2024-04-15T06:56:36+00:00","og_image":[{"width":1000,"height":1000,"url":"https:\/\/mielsdelagalaure.com\/wp-content\/uploads\/2020\/11\/chataignier_500g-1.png","type":"image\/png"}],"twitter_card":"summary_large_image","schema":{"@context":"https:\/\/schema.org","@graph":[{"@type":"WebPage","@id":"https:\/\/mielsdelagalaure.com\/index.php\/produit\/miel-de-chataignier\/","url":"https:\/\/mielsdelagalaure.com\/index.php\/produit\/miel-de-chataignier\/","name":"Miel de chataignier - Miels de la Galaure","isPartOf":{"@id":"https:\/\/mielsdelagalaure.com\/#website"},"primaryImageOfPage":{"@id":"https:\/\/mielsdelagalaure.com\/index.php\/produit\/miel-de-chataignier\/#primaryimage"},"image":{"@id":"https:\/\/mielsdelagalaure.com\/index.php\/produit\/miel-de-chataignier\/#primaryimage"},"thumbnailUrl":"https:\/\/mielsdelagalaure.com\/wp-content\/uploads\/2020\/11\/chataignier_500g-1.png","datePublished":"2020-11-23T14:42:13+00:00","dateModified":"2024-04-15T06:56:36+00:00","breadcrumb":{"@id":"https:\/\/mielsdelagalaure.com\/index.php\/produit\/miel-de-chataignier\/#breadcrumb"},"inLanguage":"fr-FR","potentialAction":[{"@type":"ReadAction","target":["https:\/\/mielsdelagalaure.com\/index.php\/produit\/miel-de-chataignier\/"]}]},{"@type":"ImageObject","inLanguage":"fr-FR","@id":"https:\/\/mielsdelagalaure.com\/index.php\/produit\/miel-de-chataignier\/#primaryimage","url":"https:\/\/mielsdelagalaure.com\/wp-content\/uploads\/2020\/11\/chataignier_500g-1.png","contentUrl":"https:\/\/mielsdelagalaure.com\/wp-content\/uploads\/2020\/11\/chataignier_500g-1.png","width":1000,"height":1000},{"@type":"BreadcrumbList","@id":"https:\/\/mielsdelagalaure.com\/index.php\/produit\/miel-de-chataignier\/#breadcrumb","itemListElement":[{"@type":"ListItem","position":1,"name":"Accueil","item":"https:\/\/mielsdelagalaure.com\/"},{"@type":"ListItem","position":2,"name":"D\u00e9couvrez tous nos produits","item":"https:\/\/mielsdelagalaure.com\/index.php\/miel\/"},{"@type":"ListItem","position":3,"name":"Miel de chataignier"}]},{"@type":"WebSite","@id":"https:\/\/mielsdelagalaure.com\/#website","url":"https:\/\/mielsdelagalaure.com\/","name":"MielsdelaGalaure","description":"Tous les tr\u00e9sors de la Ruche","publisher":{"@id":"https:\/\/mielsdelagalaure.com\/#organization"},"potentialAction":[{"@type":"SearchAction","target":{"@type":"EntryPoint","urlTemplate":"https:\/\/mielsdelagalaure.com\/?s={search_term_string}"},"query-input":"required name=search_term_string"}],"inLanguage":"fr-FR"},{"@type":"Organization","@id":"https:\/\/mielsdelagalaure.com\/#organization","name":"Miels de la Galaure","url":"https:\/\/mielsdelagalaure.com\/","logo":{"@type":"ImageObject","inLanguage":"fr-FR","@id":"https:\/\/mielsdelagalaure.com\/#\/schema\/logo\/image\/","url":"","contentUrl":"","caption":"Miels de la Galaure"},"image":{"@id":"https:\/\/mielsdelagalaure.com\/#\/schema\/logo\/image\/"},"sameAs":["https:\/\/m.facebook.com\/MariePascaleBertholet\/?tsid=0.8725199219164916&amp;amp;amp;amp;amp;amp;amp;amp;amp;source=result"]}]}},"jetpack_sharing_enabled":true,"_links":{"self":[{"href":"https:\/\/mielsdelagalaure.com\/index.php\/wp-json\/wp\/v2\/product\/139","targetHints":{"allow":["GET"]}}],"collection":[{"href":"https:\/\/mielsdelagalaure.com\/index.php\/wp-json\/wp\/v2\/product"}],"about":[{"href":"https:\/\/mielsdelagalaure.com\/index.php\/wp-json\/wp\/v2\/types\/product"}],"wp:featuredmedia":[{"embeddable":true,"href":"https:\/\/mielsdelagalaure.com\/index.php\/wp-json\/wp\/v2\/media\/137"}],"wp:attachment":[{"href":"https:\/\/mielsdelagalaure.com\/index.php\/wp-json\/wp\/v2\/media?parent=139"}],"curies":[{"name":"wp","href":"https:\/\/api.w.org\/{rel}","templated":true}]}}