{"id":614,"date":"2024-07-10T16:57:07","date_gmt":"2024-07-10T14:57:07","guid":{"rendered":"https:\/\/mielsdelagalaure.com\/?page_id=614"},"modified":"2024-07-10T17:16:16","modified_gmt":"2024-07-10T15:16:16","slug":"614-2","status":"publish","type":"page","link":"https:\/\/mielsdelagalaure.com\/","title":{"rendered":"Page d&rsquo;accueil &#8211; visite"},"content":{"rendered":"\n<div class=\"wp-block-cover aligncenter\" style=\"min-height:251px;aspect-ratio:unset;\"><span aria-hidden=\"true\" class=\"wp-block-cover__background has-background-dim-0 has-background-dim\" style=\"background-color:#737d5b\"><\/span><img loading=\"lazy\" decoding=\"async\" width=\"460\" height=\"345\" class=\"wp-block-cover__image-background wp-image-615\" alt=\"\" src=\"https:\/\/mielsdelagalaure.com\/wp-content\/uploads\/2024\/07\/image.jpeg\" style=\"object-position:45% 50%\" data-object-fit=\"cover\" data-object-position=\"45% 50%\" srcset=\"https:\/\/mielsdelagalaure.com\/wp-content\/uploads\/2024\/07\/image.jpeg 460w, https:\/\/mielsdelagalaure.com\/wp-content\/uploads\/2024\/07\/image-300x225.jpeg 300w, https:\/\/mielsdelagalaure.com\/wp-content\/uploads\/2024\/07\/image-80x60.jpeg 80w\" sizes=\"auto, (max-width: 460px) 100vw, 460px\" \/><div class=\"wp-block-cover__inner-container is-layout-flow wp-block-cover-is-layout-flow\">\n<p class=\"has-text-align-left\" style=\"font-size:60px\">VISITE MIELLERIE<\/p>\n\n\n\n<p class=\"has-text-align-left\" style=\"font-size:60px\">Tous les jeudis<\/p>\n\n\n\n<div class=\"wp-block-buttons is-layout-flex wp-block-buttons-is-layout-flex\">\n<div class=\"wp-block-button is-style-outline is-style-outline--1\"><a class=\"wp-block-button__link wp-element-button\" href=\"https:\/\/drome-mb-prestataire.for-system.com\/z8501e3f69824x69824b73030_fr-Le-miel-et-les-abeilles-un-monde-fascinant-Chateauneuf-de-Galaure.aspx\">Inscrivez-vous<\/a><\/div>\n<\/div>\n\n\n\n<p><\/p>\n<\/div><\/div>\n\n\n\n<div class=\"wp-block-group alignfull\"><div class=\"wp-block-group__inner-container is-layout-flow wp-block-group-is-layout-flow\">\n<p><\/p>\n\n\n\n<hr class=\"wp-block-separator has-css-opacity\"\/>\n\n\n\n<div class=\"wp-block-media-text alignwide is-stacked-on-mobile\"><figure class=\"wp-block-media-text__media\"><img loading=\"lazy\" decoding=\"async\" width=\"940\" height=\"788\" src=\"https:\/\/mielsdelagalaure.com\/wp-content\/uploads\/2020\/11\/Miel.png\" alt=\"\" class=\"wp-image-236 size-full\" srcset=\"https:\/\/mielsdelagalaure.com\/wp-content\/uploads\/2020\/11\/Miel.png 940w, https:\/\/mielsdelagalaure.com\/wp-content\/uploads\/2020\/11\/Miel-600x503.png 600w, https:\/\/mielsdelagalaure.com\/wp-content\/uploads\/2020\/11\/Miel-300x251.png 300w, https:\/\/mielsdelagalaure.com\/wp-content\/uploads\/2020\/11\/Miel-768x644.png 768w\" sizes=\"auto, (max-width: 940px) 100vw, 940px\" \/><\/figure><div class=\"wp-block-media-text__content\">\n<p class=\"has-large-font-size\">NOS MIELS<\/p>\n\n\n\n<p>D\u00e9couvrez toute la richesse des miels produits par nos abeilles et r\u00e9colt\u00e9s par nos soins dans la Dr\u00f4me.<\/p>\n\n\n\n<div class=\"wp-block-buttons is-layout-flex wp-block-buttons-is-layout-flex\">\n<div class=\"wp-block-button\"><a class=\"wp-block-button__link wp-element-button\" href=\"https:\/\/mielsdelagalaure.com\/index.php\/nos-miels\/\">En savoir plus<\/a><\/div>\n<\/div>\n\n\n\n<p><\/p>\n<\/div><\/div>\n\n\n\n<hr class=\"wp-block-separator has-css-opacity\"\/>\n\n\n\n<div class=\"wp-block-media-text alignwide has-media-on-the-right is-stacked-on-mobile\"><div class=\"wp-block-media-text__content\">\n<p class=\"has-large-font-size\">NOS GOURMANDISES<\/p>\n\n\n\n<p>Laissez-vous tenter par une douceur, il n\u2019y a pas d\u2019heure pour une pause gourmande.<\/p>\n\n\n\n<div class=\"wp-block-buttons is-layout-flex wp-block-buttons-is-layout-flex\">\n<div class=\"wp-block-button\"><a class=\"wp-block-button__link wp-element-button\" href=\"https:\/\/mielsdelagalaure.com\/index.php\/nos-gourmandises\/\">En savoir plus<\/a><\/div>\n<\/div>\n\n\n\n<p><\/p>\n<\/div><figure class=\"wp-block-media-text__media\"><img loading=\"lazy\" decoding=\"async\" width=\"940\" height=\"788\" src=\"https:\/\/mielsdelagalaure.com\/wp-content\/uploads\/2020\/12\/page_accueil_gourmandise.png\" alt=\"\" class=\"wp-image-571 size-full\" srcset=\"https:\/\/mielsdelagalaure.com\/wp-content\/uploads\/2020\/12\/page_accueil_gourmandise.png 940w, https:\/\/mielsdelagalaure.com\/wp-content\/uploads\/2020\/12\/page_accueil_gourmandise-300x251.png 300w, https:\/\/mielsdelagalaure.com\/wp-content\/uploads\/2020\/12\/page_accueil_gourmandise-768x644.png 768w, https:\/\/mielsdelagalaure.com\/wp-content\/uploads\/2020\/12\/page_accueil_gourmandise-72x60.png 72w, https:\/\/mielsdelagalaure.com\/wp-content\/uploads\/2020\/12\/page_accueil_gourmandise-600x503.png 600w\" sizes=\"auto, (max-width: 940px) 100vw, 940px\" \/><\/figure><\/div>\n<\/div><\/div>\n","protected":false},"excerpt":{"rendered":"<p>Miels de la Galaure<br \/>\nvisite miellerie \u00e9t\u00e9 2024<\/p>\n","protected":false},"author":1,"featured_media":0,"parent":0,"menu_order":0,"comment_status":"closed","ping_status":"closed","template":"","meta":{"footnotes":""},"class_list":["post-614","page","type-page","status-publish","hentry"],"yoast_head":"<!-- This site is optimized with the Yoast SEO plugin v23.2 - https:\/\/yoast.com\/wordpress\/plugins\/seo\/ -->\n<title>Page d&#039;accueil - visite - Miels de la Galaure<\/title>\n<meta name=\"description\" content=\"Apiculteur r\u00e9coltant depuis plus de 30 ans. Nos diff\u00e9rents miels : fleurs d&#039;\u00e9t\u00e9, de printemps, d&#039;acacia, lavande, ch\u00e2taignier sont r\u00e9colt\u00e9s dans la Dr\u00f4me. Visite miellerie sur r\u00e9servation les jeudis en \u00e9t\u00e9.\" \/>\n<meta name=\"robots\" content=\"index, follow, max-snippet:-1, max-image-preview:large, max-video-preview:-1\" \/>\n<link rel=\"canonical\" href=\"https:\/\/mielsdelagalaure.com\/\" \/>\n<meta property=\"og:locale\" content=\"fr_FR\" \/>\n<meta property=\"og:type\" content=\"article\" \/>\n<meta property=\"og:title\" content=\"Page d&#039;accueil - visite - Miels de la Galaure\" \/>\n<meta property=\"og:description\" content=\"Apiculteur r\u00e9coltant depuis plus de 30 ans. Nos diff\u00e9rents miels : fleurs d&#039;\u00e9t\u00e9, de printemps, d&#039;acacia, lavande, ch\u00e2taignier sont r\u00e9colt\u00e9s dans la Dr\u00f4me. Visite miellerie sur r\u00e9servation les jeudis en \u00e9t\u00e9.\" \/>\n<meta property=\"og:url\" content=\"https:\/\/mielsdelagalaure.com\/\" \/>\n<meta property=\"og:site_name\" content=\"Miels de la Galaure\" \/>\n<meta property=\"article:publisher\" content=\"https:\/\/m.facebook.com\/MariePascaleBertholet\/?tsid=0.8725199219164916&amp;amp%3bamp%3bamp%3bamp%3bamp%3bamp%3bamp%3bamp%3bamp%3bsource=result\" \/>\n<meta property=\"article:modified_time\" content=\"2024-07-10T15:16:16+00:00\" \/>\n<meta property=\"og:image\" content=\"https:\/\/mielsdelagalaure.com\/wp-content\/uploads\/2024\/07\/image.jpeg\" \/>\n<meta name=\"twitter:card\" content=\"summary_large_image\" \/>\n<meta name=\"twitter:label1\" content=\"Dur\u00e9e de lecture estim\u00e9e\" \/>\n\t<meta name=\"twitter:data1\" content=\"1 minute\" \/>\n<script type=\"application\/ld+json\" class=\"yoast-schema-graph\">{\"@context\":\"https:\/\/schema.org\",\"@graph\":[{\"@type\":\"WebPage\",\"@id\":\"https:\/\/mielsdelagalaure.com\/\",\"url\":\"https:\/\/mielsdelagalaure.com\/\",\"name\":\"Page d'accueil - visite - Miels de la Galaure\",\"isPartOf\":{\"@id\":\"https:\/\/mielsdelagalaure.com\/#website\"},\"primaryImageOfPage\":{\"@id\":\"https:\/\/mielsdelagalaure.com\/#primaryimage\"},\"image\":{\"@id\":\"https:\/\/mielsdelagalaure.com\/#primaryimage\"},\"thumbnailUrl\":\"https:\/\/mielsdelagalaure.com\/wp-content\/uploads\/2024\/07\/image.jpeg\",\"datePublished\":\"2024-07-10T14:57:07+00:00\",\"dateModified\":\"2024-07-10T15:16:16+00:00\",\"description\":\"Apiculteur r\u00e9coltant depuis plus de 30 ans. Nos diff\u00e9rents miels : fleurs d'\u00e9t\u00e9, de printemps, d'acacia, lavande, ch\u00e2taignier sont r\u00e9colt\u00e9s dans la Dr\u00f4me. Visite miellerie sur r\u00e9servation les jeudis en \u00e9t\u00e9.\",\"breadcrumb\":{\"@id\":\"https:\/\/mielsdelagalaure.com\/#breadcrumb\"},\"inLanguage\":\"fr-FR\",\"potentialAction\":[{\"@type\":\"ReadAction\",\"target\":[\"https:\/\/mielsdelagalaure.com\/\"]}]},{\"@type\":\"ImageObject\",\"inLanguage\":\"fr-FR\",\"@id\":\"https:\/\/mielsdelagalaure.com\/#primaryimage\",\"url\":\"https:\/\/mielsdelagalaure.com\/wp-content\/uploads\/2024\/07\/image.jpeg\",\"contentUrl\":\"https:\/\/mielsdelagalaure.com\/wp-content\/uploads\/2024\/07\/image.jpeg\",\"width\":460,\"height\":345},{\"@type\":\"BreadcrumbList\",\"@id\":\"https:\/\/mielsdelagalaure.com\/#breadcrumb\",\"itemListElement\":[{\"@type\":\"ListItem\",\"position\":1,\"name\":\"Accueil\",\"item\":\"https:\/\/mielsdelagalaure.com\/\"},{\"@type\":\"ListItem\",\"position\":2,\"name\":\"Page d&rsquo;accueil &#8211; visite\"}]},{\"@type\":\"WebSite\",\"@id\":\"https:\/\/mielsdelagalaure.com\/#website\",\"url\":\"https:\/\/mielsdelagalaure.com\/\",\"name\":\"MielsdelaGalaure\",\"description\":\"Tous les tr\u00e9sors de la Ruche\",\"publisher\":{\"@id\":\"https:\/\/mielsdelagalaure.com\/#organization\"},\"potentialAction\":[{\"@type\":\"SearchAction\",\"target\":{\"@type\":\"EntryPoint\",\"urlTemplate\":\"https:\/\/mielsdelagalaure.com\/?s={search_term_string}\"},\"query-input\":\"required name=search_term_string\"}],\"inLanguage\":\"fr-FR\"},{\"@type\":\"Organization\",\"@id\":\"https:\/\/mielsdelagalaure.com\/#organization\",\"name\":\"Miels de la Galaure\",\"url\":\"https:\/\/mielsdelagalaure.com\/\",\"logo\":{\"@type\":\"ImageObject\",\"inLanguage\":\"fr-FR\",\"@id\":\"https:\/\/mielsdelagalaure.com\/#\/schema\/logo\/image\/\",\"url\":\"\",\"contentUrl\":\"\",\"caption\":\"Miels de la Galaure\"},\"image\":{\"@id\":\"https:\/\/mielsdelagalaure.com\/#\/schema\/logo\/image\/\"},\"sameAs\":[\"https:\/\/m.facebook.com\/MariePascaleBertholet\/?tsid=0.8725199219164916&amp;amp;amp;amp;amp;amp;amp;amp;amp;source=result\"]}]}<\/script>\n<!-- \/ Yoast SEO plugin. -->","yoast_head_json":{"title":"Page d'accueil - visite - Miels de la Galaure","description":"Apiculteur r\u00e9coltant depuis plus de 30 ans. Nos diff\u00e9rents miels : fleurs d'\u00e9t\u00e9, de printemps, d'acacia, lavande, ch\u00e2taignier sont r\u00e9colt\u00e9s dans la Dr\u00f4me. Visite miellerie sur r\u00e9servation les jeudis en \u00e9t\u00e9.","robots":{"index":"index","follow":"follow","max-snippet":"max-snippet:-1","max-image-preview":"max-image-preview:large","max-video-preview":"max-video-preview:-1"},"canonical":"https:\/\/mielsdelagalaure.com\/","og_locale":"fr_FR","og_type":"article","og_title":"Page d'accueil - visite - Miels de la Galaure","og_description":"Apiculteur r\u00e9coltant depuis plus de 30 ans. Nos diff\u00e9rents miels : fleurs d'\u00e9t\u00e9, de printemps, d'acacia, lavande, ch\u00e2taignier sont r\u00e9colt\u00e9s dans la Dr\u00f4me. Visite miellerie sur r\u00e9servation les jeudis en \u00e9t\u00e9.","og_url":"https:\/\/mielsdelagalaure.com\/","og_site_name":"Miels de la Galaure","article_publisher":"https:\/\/m.facebook.com\/MariePascaleBertholet\/?tsid=0.8725199219164916&amp%3bamp%3bamp%3bamp%3bamp%3bamp%3bamp%3bamp%3bamp%3bsource=result","article_modified_time":"2024-07-10T15:16:16+00:00","og_image":[{"url":"https:\/\/mielsdelagalaure.com\/wp-content\/uploads\/2024\/07\/image.jpeg"}],"twitter_card":"summary_large_image","twitter_misc":{"Dur\u00e9e de lecture estim\u00e9e":"1 minute"},"schema":{"@context":"https:\/\/schema.org","@graph":[{"@type":"WebPage","@id":"https:\/\/mielsdelagalaure.com\/","url":"https:\/\/mielsdelagalaure.com\/","name":"Page d'accueil - visite - Miels de la Galaure","isPartOf":{"@id":"https:\/\/mielsdelagalaure.com\/#website"},"primaryImageOfPage":{"@id":"https:\/\/mielsdelagalaure.com\/#primaryimage"},"image":{"@id":"https:\/\/mielsdelagalaure.com\/#primaryimage"},"thumbnailUrl":"https:\/\/mielsdelagalaure.com\/wp-content\/uploads\/2024\/07\/image.jpeg","datePublished":"2024-07-10T14:57:07+00:00","dateModified":"2024-07-10T15:16:16+00:00","description":"Apiculteur r\u00e9coltant depuis plus de 30 ans. Nos diff\u00e9rents miels : fleurs d'\u00e9t\u00e9, de printemps, d'acacia, lavande, ch\u00e2taignier sont r\u00e9colt\u00e9s dans la Dr\u00f4me. Visite miellerie sur r\u00e9servation les jeudis en \u00e9t\u00e9.","breadcrumb":{"@id":"https:\/\/mielsdelagalaure.com\/#breadcrumb"},"inLanguage":"fr-FR","potentialAction":[{"@type":"ReadAction","target":["https:\/\/mielsdelagalaure.com\/"]}]},{"@type":"ImageObject","inLanguage":"fr-FR","@id":"https:\/\/mielsdelagalaure.com\/#primaryimage","url":"https:\/\/mielsdelagalaure.com\/wp-content\/uploads\/2024\/07\/image.jpeg","contentUrl":"https:\/\/mielsdelagalaure.com\/wp-content\/uploads\/2024\/07\/image.jpeg","width":460,"height":345},{"@type":"BreadcrumbList","@id":"https:\/\/mielsdelagalaure.com\/#breadcrumb","itemListElement":[{"@type":"ListItem","position":1,"name":"Accueil","item":"https:\/\/mielsdelagalaure.com\/"},{"@type":"ListItem","position":2,"name":"Page d&rsquo;accueil &#8211; visite"}]},{"@type":"WebSite","@id":"https:\/\/mielsdelagalaure.com\/#website","url":"https:\/\/mielsdelagalaure.com\/","name":"MielsdelaGalaure","description":"Tous les tr\u00e9sors de la Ruche","publisher":{"@id":"https:\/\/mielsdelagalaure.com\/#organization"},"potentialAction":[{"@type":"SearchAction","target":{"@type":"EntryPoint","urlTemplate":"https:\/\/mielsdelagalaure.com\/?s={search_term_string}"},"query-input":"required name=search_term_string"}],"inLanguage":"fr-FR"},{"@type":"Organization","@id":"https:\/\/mielsdelagalaure.com\/#organization","name":"Miels de la Galaure","url":"https:\/\/mielsdelagalaure.com\/","logo":{"@type":"ImageObject","inLanguage":"fr-FR","@id":"https:\/\/mielsdelagalaure.com\/#\/schema\/logo\/image\/","url":"","contentUrl":"","caption":"Miels de la Galaure"},"image":{"@id":"https:\/\/mielsdelagalaure.com\/#\/schema\/logo\/image\/"},"sameAs":["https:\/\/m.facebook.com\/MariePascaleBertholet\/?tsid=0.8725199219164916&amp;amp;amp;amp;amp;amp;amp;amp;amp;source=result"]}]}},"jetpack_sharing_enabled":true,"_links":{"self":[{"href":"https:\/\/mielsdelagalaure.com\/index.php\/wp-json\/wp\/v2\/pages\/614","targetHints":{"allow":["GET"]}}],"collection":[{"href":"https:\/\/mielsdelagalaure.com\/index.php\/wp-json\/wp\/v2\/pages"}],"about":[{"href":"https:\/\/mielsdelagalaure.com\/index.php\/wp-json\/wp\/v2\/types\/page"}],"author":[{"embeddable":true,"href":"https:\/\/mielsdelagalaure.com\/index.php\/wp-json\/wp\/v2\/users\/1"}],"replies":[{"embeddable":true,"href":"https:\/\/mielsdelagalaure.com\/index.php\/wp-json\/wp\/v2\/comments?post=614"}],"version-history":[{"count":10,"href":"https:\/\/mielsdelagalaure.com\/index.php\/wp-json\/wp\/v2\/pages\/614\/revisions"}],"predecessor-version":[{"id":630,"href":"https:\/\/mielsdelagalaure.com\/index.php\/wp-json\/wp\/v2\/pages\/614\/revisions\/630"}],"wp:attachment":[{"href":"https:\/\/mielsdelagalaure.com\/index.php\/wp-json\/wp\/v2\/media?parent=614"}],"curies":[{"name":"wp","href":"https:\/\/api.w.org\/{rel}","templated":true}]}}