{"id":3,"date":"2020-11-20T16:01:33","date_gmt":"2020-11-20T15:01:33","guid":{"rendered":"http:\/\/mielsdelagalaure.com\/?page_id=3"},"modified":"2020-11-29T15:25:48","modified_gmt":"2020-11-29T14:25:48","slug":"cgv","status":"publish","type":"page","link":"https:\/\/mielsdelagalaure.com\/index.php\/cgv\/","title":{"rendered":"CONDITIONS G\u00c9N\u00c9RALES DE VENTE"},"content":{"rendered":"\n<h3 class=\"wp-block-heading\">DISPOSITIONS G\u00c9N\u00c9RALES<\/h3>\n\n\n\n<p>Le fait pour un utilisateur de remplir le bon de commande figurant sur ce site et de confirmer la commande (en cliquant sur le bouton \u201cconfirmation de la commande\u201d) vaut acceptation pleine et enti\u00e8re des pr\u00e9sentes conditions g\u00e9n\u00e9rales de vente, lesquelles seront seules applicables au contrat qui suit.<\/p>\n\n\n\n<p>MIELS DE LA GALAURE se r\u00e9serve le droit de refuser une commande en cas de manquement du client \u00e0 l\u2019une de ses obligations, et plus g\u00e9n\u00e9ralement, de refuser toute commande pr\u00e9sentant un caract\u00e8re anormal pour quelque raison que ce soit. La commande n\u2019est d\u00e9finitive qu\u2019apr\u00e8s confirmation par MIELS DE LA GALAURE.<\/p>\n\n\n\n<p>MIELS DE LA GALAURE confirmera l\u2019acceptation de la commande \u00e0 l\u2019utilisateur par E-mail, ou, le cas \u00e9ch\u00e9ant, son refus dans les 48 heures ouvrables suivant la saisie de la commande sur internet par le client.<\/p>\n\n\n\n<p>La soci\u00e9t\u00e9 MIELS DE LA GALAURE s\u2019engage, en cas d\u2019acceptation d\u2019une commande, \u00e0 vendre et \u00e0 exp\u00e9dier par un transporteur de haute qualit\u00e9 dans les meilleures conditions les produits command\u00e9s par le client au prix figurant sur la facture \u00e9mise par le bon de commande.<\/p>\n\n\n\n<h3 class=\"wp-block-heading\">OBLIGATIONS DU CLIENT<\/h3>\n\n\n\n<p>Le client s\u2019engage \u00e0 remplir le bon de commande avec pr\u00e9cision, en fournissant son adresse mail et postale et l\u2019adresse de livraison avec son contact t\u00e9l\u00e9phonique, et \u00e0 payer sans commande. Sans cela, la commande ne pourra pas \u00eatre accept\u00e9e.<\/p>\n\n\n\n<p>Le client garantit \u00e0 la soci\u00e9t\u00e9 MIELS DE LA GALAURE qu\u2019il dispose des autorisations \u00e9ventuellement n\u00e9cessaires pour utiliser le mode de paiement qu\u2019il aura choisi lors de l\u2019enregistrement du bon de commande.<\/p>\n\n\n\n<p>Le client ayant pris connaissance des produits et de leurs caract\u00e9ristiques commercialis\u00e9s sous la marque MIELS DE LA GALAURE, a sous sa seule responsabilit\u00e9 et en fonction de ses besoins tels qu\u2019il les a pr\u00e9alablement d\u00e9termin\u00e9s avant toute commande, port\u00e9 son choix sur le ou les produit(s) faisant l\u2019objet de sa commande. En outre, lui seul est juge de la compatibilit\u00e9 des produits command\u00e9s avec ceux qu\u2019il utilise. Il appartient exclusivement au client, s\u2019il ne s\u2019estime pas suffisamment comp\u00e9tent, de se faire assister d\u2019un conseil.<\/p>\n\n\n\n<p>Le client s\u2019interdit de revendre les produits, sa commande \u00e9tant obligatoirement destin\u00e9e \u00e0 un usage personnel ou \u00e0 l\u2019usage personnel de la personne \u00e0 laquelle l\u2019envoi est destin\u00e9.<\/p>\n\n\n\n<p>Nos clients s\u2019engagent \u00e0 respecter les conditions de conservation des produits, ainsi que la date limite de consommation indiqu\u00e9e sur les emballages.<\/p>\n\n\n\n<h3 class=\"wp-block-heading\">PRODUITS ET PRIX<\/h3>\n\n\n\n<p>PRODUITS : Conform\u00e9ment \u00e0 l\u2019article L.111-1 du Code de la Consommation, l\u2019utilisateur peut, pr\u00e9alablement \u00e0 sa commande, prendre connaissance sur le Site https:\/\/mielsdelagalaure.com, des caract\u00e9ristiques essentielles du ou des produits qu\u2019il d\u00e9sire commander.<\/p>\n\n\n\n<p>Les offres pr\u00e9sent\u00e9es sont valables dans la limite des stocks disponibles. Tous graphismes, descriptifs et visuels sont r\u00e9alis\u00e9s pour \u00eatre au plus pr\u00e8s de la r\u00e9alit\u00e9 du produit vendu. Cependant, dans le cas o\u00f9 l\u2019esth\u00e9tique d\u2019un produit (packaging) changerait, la repr\u00e9sentation graphique de celui-ci ne saurait affecter la vente, si le produit reste identique par ailleurs.<\/p>\n\n\n\n<p>Les prix des produits sont nets et TTC. La livraison fait l\u2019objet d\u2019un suppl\u00e9ment. Les prix sont garantis dans la limite des stocks disponibles et sous r\u00e9serve de modification du taux de TVA. Les prix sont exprim\u00e9s en Euros. Les prix de vente sont susceptibles d\u2019\u00eatre modifi\u00e9s \u00e0 tout moment par la soci\u00e9t\u00e9 MIELS DE LA GALAURE. Cette modification sera signal\u00e9e \u00e0 l\u2019acheteur avant toute commande.<\/p>\n\n\n\n<h3 class=\"wp-block-heading\">PAIEMENT<\/h3>\n\n\n\n<p>Le r\u00e8glement des produits se fait :<\/p>\n\n\n\n<p>Par carte bancaire VISA, MASTERCARD, AMERICAN EXPRESS en ligne depuis le web, par le syst\u00e8me de paiement s\u00e9curis\u00e9 STRIPE. La validation du paiement par carte bancaire est imm\u00e9diate. Aucun envoi ne sera fait sans la validation du paiement.<\/p>\n\n\n\n<p>Par ch\u00e8que bancaire, pour les clients Fran\u00e7ais. Le ch\u00e8que devra \u00eatre envoy\u00e9 par courrier \u00e0 l\u2019adresse du si\u00e8ge social, et sera encaiss\u00e9 d\u00e8s r\u00e9ception. Aucun envoi ne sera fait sans la validation du paiement.<\/p>\n\n\n\n<p>La soci\u00e9t\u00e9 MIELS DE LA GALAURE se r\u00e9serve le droit de suspendre ou d\u2019annuler toute commande et\/ou livraison, quels que soit sa nature et\/ou son niveau d\u2019ex\u00e9cution, en cas de non paiement de toute somme qui serait due par l\u2019acheteur, en cas d\u2019incident de paiement ou en cas de litige avec l\u2019acheteur.<\/p>\n\n\n\n<h3 class=\"wp-block-heading\">LIVRAISON ET R\u00c9CEPTION<\/h3>\n\n\n\n<p>G\u00c9N\u00c9RALITES<\/p>\n\n\n\n<p>Les produits seront livr\u00e9s \u00e0 l\u2019adresse indiqu\u00e9e par l\u2019acheteur sur le bon de commande, destination qui doit \u00eatre coh\u00e9rente avec la zone g\u00e9ographique pr\u00e9c\u00e9demment convenue. En cas d\u2019erreur sur l\u2019adresse de livraison, le colis sera renvoy\u00e9 aux frais du client.<\/p>\n\n\n\n<p>Par d\u00e9faut, les factures sont transmises sur l\u2019adresse de messagerie indiqu\u00e9e par le client lors de son enregistrement. Faute de respect des proc\u00e9dures expos\u00e9es ci-dessous, aucune r\u00e9clamation de l\u2019acheteur ne sera accept\u00e9e.<\/p>\n\n\n\n<p>Les commandes re\u00e7ues via internet apr\u00e8s acceptation du paiement par le centre de carte bancaire, sont pr\u00e9par\u00e9es et exp\u00e9di\u00e9es les deux jours ouvrables suivant la commande (sauf jour f\u00e9ri\u00e9).<\/p>\n\n\n\n<p>Les commandes enregistr\u00e9es sur le site internet \u00e0 partir du vendredi 12h00 (heure de France) jusqu\u2019au dimanche 24h00, seront exp\u00e9di\u00e9es le mardi suivant au plus tard (sauf jour f\u00e9ri\u00e9).<\/p>\n\n\n\n<p>Ces d\u00e9lais sont donn\u00e9s \u00e0 titre indicatif. Aucun d\u00e9dommagement ne pourra \u00eatre demand\u00e9 en cas d\u2019un \u00e9ventuel retard de livraison.<\/p>\n\n\n\n<p>Nous ne pourrons en aucun cas \u00eatre tenus pour responsables des d\u00e9t\u00e9riorations pouvant survenir aux produits au cours de son acheminement.<\/p>\n\n\n\n<p>CARACT\u00c9RISTIQUES DU SYST\u00c8ME COLISSIMO DE LA POSTE<\/p>\n\n\n\n<p>L\u2019acheteur est livr\u00e9 \u00e0 son domicile par son facteur. En cas d\u2019absence, l\u2019acheteur ou le destinataire du produit command\u00e9 re\u00e7oit un avis de passage de son facteur, ce qui lui permet de retirer les produits command\u00e9s, au bureau de poste le plus proche, pendant un d\u00e9lai de quinze jours.<\/p>\n\n\n\n<p>L\u2019acheteur est tenu de v\u00e9rifier, en pr\u00e9sence du pr\u00e9pos\u00e9 de la poste ou du livreur, l\u2019\u00e9tat de l\u2019emballage de la marchandise et son contenu \u00e0 la livraison.<\/p>\n\n\n\n<p>Dans l\u2019hypoth\u00e8se o\u00f9 l\u2019acheteur aurait un quelconque doute de quelque nature que ce soit sur l\u2019\u00e9tat ou le contenu de son colis, il est tenu :<\/p>\n\n\n\n<p>\u2013 d\u2019appliquer la proc\u00e9dure Colissimo (notamment signaler les dommages dus, toutes r\u00e9clamations et r\u00e9serves) et de refuser la marchandise en \u00e9mettant imm\u00e9diatement un constat d\u2019anomalie imm\u00e9diatement aupr\u00e8s du pr\u00e9pos\u00e9 de la Poste (constat 170) ou aupr\u00e8s du bureau de poste le plus proche dans les 48h apr\u00e8s r\u00e9ception du colis.<\/p>\n\n\n\n<p>\u2013 de signaler ces incidents dans les 48h \u00e0 la soci\u00e9t\u00e9 MIELS DE LA GALAURE \u00e0 apimary.lerucher@gmail.com en pr\u00e9cisant le num\u00e9ro de sa commande.<\/p>\n\n\n\n<h3 class=\"wp-block-heading\">REMPLACEMENT, REMBOURSEMENT, DROIT DE R\u00c9TRACTATION<\/h3>\n\n\n\n<p>Le client dispose d\u2019un droit de r\u00e9tractation de quatorze jours francs conform\u00e9ment \u00e0 l\u2019article L.121-20 du code de la consommation. Dans ce cadre, il peut retourner, \u00e0 ses frais, les produits command\u00e9s non ouverts et non utilis\u00e9s accompagn\u00e9s de leur facture d\u2019achat pour remboursement.<\/p>\n\n\n\n<h3 class=\"wp-block-heading\">R\u00c9CLAMATIONS<\/h3>\n\n\n\n<p>Nous conseillons au client de s\u2019assurer de la conformit\u00e9 de la livraison avec sa commande et de l\u2019int\u00e9grit\u00e9 du colis. En cas de probl\u00e8me ou de d\u00e9gradation, nous vous conseillons vivement de le noter sur la partie r\u00e9serv\u00e9e du bon de transport pour \u00e9viter toute contestation. De plus, pour toutes r\u00e9clamations ou demandes de SAV, merci de nous contacter par mail \u00e0 apimary.lerucher.@gmail.com dans les 48h suivant la r\u00e9ception de votre colis avec des photos si n\u00e9cessaires. Aucune r\u00e9clamation ne pourra \u00eatre trait\u00e9e via la plateforme Avis V\u00e9rifi\u00e9s.<\/p>\n\n\n\n<h3 class=\"wp-block-heading\">INVALIDIT\u00c9 \u2013 FORCE MAJEURE \u2013 DROIT<\/h3>\n\n\n\n<p>Si l\u2019une des pr\u00e9sentes conditions g\u00e9n\u00e9rales devait \u00eatre d\u00e9clar\u00e9e inapplicable ou est invalid\u00e9e pour une quelconque raison, cette invalidit\u00e9 n\u2019affectera pas l\u2019application ou la validit\u00e9 des autres dispositions des conditions g\u00e9n\u00e9rales, celle invalid\u00e9e ou jug\u00e9e inapplicable \u00e9tant alors remplac\u00e9e par la disposition la plus proche possible. Ni la soci\u00e9t\u00e9 MIELS DE LA GALAURE, ni le client ne saurait \u00eatre tenu responsable de toute inex\u00e9cution qui aurait pour origine un cas de force majeure, \u00e9chappant \u00e0 son contr\u00f4le, incluant notamment, sans que ce soit limitatif, les cas de guerre, d\u2019\u00e9meute, d\u2019insurrection, d\u2019interruption de transport, de probl\u00e8me d\u2019importation ou d\u2019exportation, de gr\u00e8ve, de lock-out, de p\u00e9nurie, d\u2019incendie, de tremblement de terre, de temp\u00eate, d\u2019inondation.<\/p>\n\n\n\n<p>Les pr\u00e9sentes conditions g\u00e9n\u00e9rales sont r\u00e9gies exclusivement par la loi fran\u00e7aise. Les Tribunaux Fran\u00e7ais de commerce seront seul comp\u00e9tent pour tout litige ou diff\u00e9rend les concernant.<\/p>\n","protected":false},"excerpt":{"rendered":"<p>DISPOSITIONS G\u00c9N\u00c9RALES Le fait pour un utilisateur de remplir le bon de commande figurant sur ce site et de confirmer la commande (en cliquant sur le bouton \u201cconfirmation de la commande\u201d) vaut acceptation pleine et enti\u00e8re des pr\u00e9sentes conditions g\u00e9n\u00e9rales de vente, lesquelles seront seules applicables au contrat qui suit. MIELS DE LA GALAURE se &hellip; <\/p>\n","protected":false},"author":1,"featured_media":0,"parent":0,"menu_order":0,"comment_status":"closed","ping_status":"open","template":"","meta":{"footnotes":""},"class_list":["post-3","page","type-page","status-publish","hentry"],"yoast_head":"<!-- This site is optimized with the Yoast SEO plugin v23.2 - https:\/\/yoast.com\/wordpress\/plugins\/seo\/ -->\n<title>CONDITIONS G\u00c9N\u00c9RALES DE VENTE - Miels de la Galaure<\/title>\n<meta name=\"robots\" content=\"index, follow, max-snippet:-1, max-image-preview:large, max-video-preview:-1\" \/>\n<link rel=\"canonical\" href=\"https:\/\/mielsdelagalaure.com\/index.php\/cgv\/\" \/>\n<meta property=\"og:locale\" content=\"fr_FR\" \/>\n<meta property=\"og:type\" content=\"article\" \/>\n<meta property=\"og:title\" content=\"CONDITIONS G\u00c9N\u00c9RALES DE VENTE - Miels de la Galaure\" \/>\n<meta property=\"og:description\" content=\"DISPOSITIONS G\u00c9N\u00c9RALES Le fait pour un utilisateur de remplir le bon de commande figurant sur ce site et de confirmer la commande (en cliquant sur le bouton \u201cconfirmation de la commande\u201d) vaut acceptation pleine et enti\u00e8re des pr\u00e9sentes conditions g\u00e9n\u00e9rales de vente, lesquelles seront seules applicables au contrat qui suit. MIELS DE LA GALAURE se &hellip;\" \/>\n<meta property=\"og:url\" content=\"https:\/\/mielsdelagalaure.com\/index.php\/cgv\/\" \/>\n<meta property=\"og:site_name\" content=\"Miels de la Galaure\" \/>\n<meta property=\"article:publisher\" content=\"https:\/\/m.facebook.com\/MariePascaleBertholet\/?tsid=0.8725199219164916&amp;amp%3bamp%3bamp%3bamp%3bamp%3bamp%3bamp%3bamp%3bamp%3bsource=result\" \/>\n<meta property=\"article:modified_time\" content=\"2020-11-29T14:25:48+00:00\" \/>\n<meta name=\"twitter:card\" content=\"summary_large_image\" \/>\n<meta name=\"twitter:label1\" content=\"Dur\u00e9e de lecture estim\u00e9e\" \/>\n\t<meta name=\"twitter:data1\" content=\"8 minutes\" \/>\n<script type=\"application\/ld+json\" class=\"yoast-schema-graph\">{\"@context\":\"https:\/\/schema.org\",\"@graph\":[{\"@type\":\"WebPage\",\"@id\":\"https:\/\/mielsdelagalaure.com\/index.php\/cgv\/\",\"url\":\"https:\/\/mielsdelagalaure.com\/index.php\/cgv\/\",\"name\":\"CONDITIONS G\u00c9N\u00c9RALES DE VENTE - Miels de la Galaure\",\"isPartOf\":{\"@id\":\"https:\/\/mielsdelagalaure.com\/#website\"},\"datePublished\":\"2020-11-20T15:01:33+00:00\",\"dateModified\":\"2020-11-29T14:25:48+00:00\",\"breadcrumb\":{\"@id\":\"https:\/\/mielsdelagalaure.com\/index.php\/cgv\/#breadcrumb\"},\"inLanguage\":\"fr-FR\",\"potentialAction\":[{\"@type\":\"ReadAction\",\"target\":[\"https:\/\/mielsdelagalaure.com\/index.php\/cgv\/\"]}]},{\"@type\":\"BreadcrumbList\",\"@id\":\"https:\/\/mielsdelagalaure.com\/index.php\/cgv\/#breadcrumb\",\"itemListElement\":[{\"@type\":\"ListItem\",\"position\":1,\"name\":\"Accueil\",\"item\":\"https:\/\/mielsdelagalaure.com\/\"},{\"@type\":\"ListItem\",\"position\":2,\"name\":\"CONDITIONS G\u00c9N\u00c9RALES DE VENTE\"}]},{\"@type\":\"WebSite\",\"@id\":\"https:\/\/mielsdelagalaure.com\/#website\",\"url\":\"https:\/\/mielsdelagalaure.com\/\",\"name\":\"MielsdelaGalaure\",\"description\":\"Tous les tr\u00e9sors de la Ruche\",\"publisher\":{\"@id\":\"https:\/\/mielsdelagalaure.com\/#organization\"},\"potentialAction\":[{\"@type\":\"SearchAction\",\"target\":{\"@type\":\"EntryPoint\",\"urlTemplate\":\"https:\/\/mielsdelagalaure.com\/?s={search_term_string}\"},\"query-input\":\"required name=search_term_string\"}],\"inLanguage\":\"fr-FR\"},{\"@type\":\"Organization\",\"@id\":\"https:\/\/mielsdelagalaure.com\/#organization\",\"name\":\"Miels de la Galaure\",\"url\":\"https:\/\/mielsdelagalaure.com\/\",\"logo\":{\"@type\":\"ImageObject\",\"inLanguage\":\"fr-FR\",\"@id\":\"https:\/\/mielsdelagalaure.com\/#\/schema\/logo\/image\/\",\"url\":\"\",\"contentUrl\":\"\",\"caption\":\"Miels de la Galaure\"},\"image\":{\"@id\":\"https:\/\/mielsdelagalaure.com\/#\/schema\/logo\/image\/\"},\"sameAs\":[\"https:\/\/m.facebook.com\/MariePascaleBertholet\/?tsid=0.8725199219164916&amp;amp;amp;amp;amp;amp;amp;amp;amp;source=result\"]}]}<\/script>\n<!-- \/ Yoast SEO plugin. -->","yoast_head_json":{"title":"CONDITIONS G\u00c9N\u00c9RALES DE VENTE - Miels de la Galaure","robots":{"index":"index","follow":"follow","max-snippet":"max-snippet:-1","max-image-preview":"max-image-preview:large","max-video-preview":"max-video-preview:-1"},"canonical":"https:\/\/mielsdelagalaure.com\/index.php\/cgv\/","og_locale":"fr_FR","og_type":"article","og_title":"CONDITIONS G\u00c9N\u00c9RALES DE VENTE - Miels de la Galaure","og_description":"DISPOSITIONS G\u00c9N\u00c9RALES Le fait pour un utilisateur de remplir le bon de commande figurant sur ce site et de confirmer la commande (en cliquant sur le bouton \u201cconfirmation de la commande\u201d) vaut acceptation pleine et enti\u00e8re des pr\u00e9sentes conditions g\u00e9n\u00e9rales de vente, lesquelles seront seules applicables au contrat qui suit. MIELS DE LA GALAURE se &hellip;","og_url":"https:\/\/mielsdelagalaure.com\/index.php\/cgv\/","og_site_name":"Miels de la Galaure","article_publisher":"https:\/\/m.facebook.com\/MariePascaleBertholet\/?tsid=0.8725199219164916&amp%3bamp%3bamp%3bamp%3bamp%3bamp%3bamp%3bamp%3bamp%3bsource=result","article_modified_time":"2020-11-29T14:25:48+00:00","twitter_card":"summary_large_image","twitter_misc":{"Dur\u00e9e de lecture estim\u00e9e":"8 minutes"},"schema":{"@context":"https:\/\/schema.org","@graph":[{"@type":"WebPage","@id":"https:\/\/mielsdelagalaure.com\/index.php\/cgv\/","url":"https:\/\/mielsdelagalaure.com\/index.php\/cgv\/","name":"CONDITIONS G\u00c9N\u00c9RALES DE VENTE - Miels de la Galaure","isPartOf":{"@id":"https:\/\/mielsdelagalaure.com\/#website"},"datePublished":"2020-11-20T15:01:33+00:00","dateModified":"2020-11-29T14:25:48+00:00","breadcrumb":{"@id":"https:\/\/mielsdelagalaure.com\/index.php\/cgv\/#breadcrumb"},"inLanguage":"fr-FR","potentialAction":[{"@type":"ReadAction","target":["https:\/\/mielsdelagalaure.com\/index.php\/cgv\/"]}]},{"@type":"BreadcrumbList","@id":"https:\/\/mielsdelagalaure.com\/index.php\/cgv\/#breadcrumb","itemListElement":[{"@type":"ListItem","position":1,"name":"Accueil","item":"https:\/\/mielsdelagalaure.com\/"},{"@type":"ListItem","position":2,"name":"CONDITIONS G\u00c9N\u00c9RALES DE VENTE"}]},{"@type":"WebSite","@id":"https:\/\/mielsdelagalaure.com\/#website","url":"https:\/\/mielsdelagalaure.com\/","name":"MielsdelaGalaure","description":"Tous les tr\u00e9sors de la Ruche","publisher":{"@id":"https:\/\/mielsdelagalaure.com\/#organization"},"potentialAction":[{"@type":"SearchAction","target":{"@type":"EntryPoint","urlTemplate":"https:\/\/mielsdelagalaure.com\/?s={search_term_string}"},"query-input":"required name=search_term_string"}],"inLanguage":"fr-FR"},{"@type":"Organization","@id":"https:\/\/mielsdelagalaure.com\/#organization","name":"Miels de la Galaure","url":"https:\/\/mielsdelagalaure.com\/","logo":{"@type":"ImageObject","inLanguage":"fr-FR","@id":"https:\/\/mielsdelagalaure.com\/#\/schema\/logo\/image\/","url":"","contentUrl":"","caption":"Miels de la Galaure"},"image":{"@id":"https:\/\/mielsdelagalaure.com\/#\/schema\/logo\/image\/"},"sameAs":["https:\/\/m.facebook.com\/MariePascaleBertholet\/?tsid=0.8725199219164916&amp;amp;amp;amp;amp;amp;amp;amp;amp;source=result"]}]}},"jetpack_sharing_enabled":true,"_links":{"self":[{"href":"https:\/\/mielsdelagalaure.com\/index.php\/wp-json\/wp\/v2\/pages\/3","targetHints":{"allow":["GET"]}}],"collection":[{"href":"https:\/\/mielsdelagalaure.com\/index.php\/wp-json\/wp\/v2\/pages"}],"about":[{"href":"https:\/\/mielsdelagalaure.com\/index.php\/wp-json\/wp\/v2\/types\/page"}],"author":[{"embeddable":true,"href":"https:\/\/mielsdelagalaure.com\/index.php\/wp-json\/wp\/v2\/users\/1"}],"replies":[{"embeddable":true,"href":"https:\/\/mielsdelagalaure.com\/index.php\/wp-json\/wp\/v2\/comments?post=3"}],"version-history":[{"count":3,"href":"https:\/\/mielsdelagalaure.com\/index.php\/wp-json\/wp\/v2\/pages\/3\/revisions"}],"predecessor-version":[{"id":472,"href":"https:\/\/mielsdelagalaure.com\/index.php\/wp-json\/wp\/v2\/pages\/3\/revisions\/472"}],"wp:attachment":[{"href":"https:\/\/mielsdelagalaure.com\/index.php\/wp-json\/wp\/v2\/media?parent=3"}],"curies":[{"name":"wp","href":"https:\/\/api.w.org\/{rel}","templated":true}]}}